{"id":88,"date":"2015-08-25T11:24:39","date_gmt":"2015-08-25T09:24:39","guid":{"rendered":"http:\/\/wptest.bkr-support.de\/?page_id=88"},"modified":"2022-11-24T13:05:07","modified_gmt":"2022-11-24T12:05:07","slug":"software-solutions","status":"publish","type":"page","link":"\/clickandbuilds\/mbbusinesssoftware\/software-solutions\/","title":{"rendered":"Software Solutions"},"content":{"rendered":"<h1><span class=\"contentOrange13\" style=\"font-family: 'Open Sans';\">Mit Softwarel\u00f6sungen Zeit sparen und Kosten senken<\/span><\/h1>\n<p><span style=\"font-family: 'Open Sans';\">Unsere Softwareentwicklungen sparen Zeit &#8211; und senken dadurch bei Ihnen Personalkosten oder erm\u00f6glichen einen gr\u00f6\u00dferen Work-Flow. Denn Ihre individuelle Softwarel\u00f6sung aus unserem Hause sorgt daf\u00fcr, dass Ihre Mitarbeiter eine optimierte IT-Unterst\u00fctzung nutzen k\u00f6nnen und dadurch wesentlich effizienter ihre regelm\u00e4\u00dfigen Aufgaben erledigen k\u00f6nnen.<\/span><\/p>\n<p><span style=\"font-family: 'Open Sans';\">Sie erhalten zur Unterst\u00fctzung Ihrer Prozesse ma\u00dfgeschneiderte L\u00f6sungsmodule, die wir in enger Abstimmung mit Ihnen entwickeln und die Ihren W\u00fcnschen voll gerecht werden.<\/span><\/p>\n<p><span style=\"font-family: 'Open Sans';\"><div style=\"background-color:#f5f5f5; color:#333333;\" class=\"lts_section \"><div class=\"lts_section_body\"><\/span><\/p>\n<h1><span class=\"contentOrange13\" style=\"font-family: 'Open Sans';\">Das bekommen Sie: Eine Softwareentwicklung als datenbankgest\u00fctztes Online-Tool in Ihrem Intranet<\/span><\/h1>\n<p><span style=\"font-family: 'Open Sans';\">Unsere Softwareentwicklung kann zentral in Ihrem Intranet installiert werden. Sie l\u00e4sst sich mit dem auf den Clients vorhandenen Internetbrowsern (z.B. Internetexplorer) bedienen. Bei Bedarf sind die Anwendungen datenbankgest\u00fctzt und bieten zeitgleichen Zugriff aller Anwender auf denselben Datenbestand.<\/span><\/p>\n<h2><span style=\"font-family: 'Open Sans';\">Typische Inhalte unsere Projekte<\/span><\/h2>\n<ul>\n<li><span style=\"font-family: 'Open Sans';\">Umsetzung individueller Kundenw\u00fcnsche \/ Unterst\u00fctzung Ihrer Prozesse<\/span><\/li>\n<li><span style=\"font-family: 'Open Sans';\">Unterst\u00fctzung und Optimierung Ihres spezifischen Workflows im administrativen Bereich z. B.<\/span>\n<ul>\n<li><span style=\"font-family: 'Open Sans';\">Projektmanagement<\/span><\/li>\n<li><span style=\"font-family: 'Open Sans';\">Controlling<\/span><\/li>\n<li><span style=\"font-family: 'Open Sans';\">Qualit\u00e4tsmanagement<\/span><\/li>\n<li><span style=\"font-family: 'Open Sans';\">Angebotsunterst\u00fctzung<\/span><\/li>\n<li><span style=\"font-family: 'Open Sans';\">Ressourcenmanagement<\/span><\/li>\n<li><span style=\"font-family: 'Open Sans';\">Ma\u00dfnahmen-Tracking<\/span><\/li>\n<li><span style=\"font-family: 'Open Sans';\">Management-Informationssysteme<\/span><\/li>\n<li><span style=\"font-family: 'Open Sans';\">Fr\u00fchwarnsysteme<\/span><\/li>\n<li><span style=\"font-family: 'Open Sans';\">Produktionsdaten-Analyse<\/span><\/li>\n<\/ul>\n<\/li>\n<li><span style=\"font-family: 'Open Sans';\">Beliebige Rollendefinitionen mit individuellem Benutzerprofil (Sichten, Rechte, Analysen, Spezialfunktionen, Unterst\u00fctzung der gewohnten Authentifizierung)<\/span><\/li>\n<li><span style=\"font-family: 'Open Sans';\">Leicht bedienbare, prozessoptimierte Oberfl\u00e4che<\/span><\/li>\n<li><span style=\"font-family: 'Open Sans';\">Flexible Reportgenerierung (Charts, Excel, PDF, &#8230;)<\/span><\/li>\n<\/ul>\n<h2><span class=\"contentOrange13\" style=\"font-family: 'Open Sans';\">Technische Realisierung<\/span><\/h2>\n<p><span style=\"font-family: 'Open Sans';\">Die Software, die wir f\u00fcr Sie entwickeln hat in der Regel zwei wesentliche Aspekte:<\/span><\/p>\n<p><span style=\"font-family: 'Open Sans';\"><b>1. Es handelt sich um eine <span class=\"contentOrange10\">Intranet \/ Internet Anwendung<br \/>\n<\/span><\/b><span class=\"contentOrange10\">Das bedeutet direkten Zugriff aller Anwender \u00fcber Ihr Intranet. Alle Anwender nutzen somit gleiche Features und gleiche Programmversionen. Clients, auf denen die Software angewendet wird, ben\u00f6tigen keine aufwendigen Erweiterungen oder Einrichtungen durch einen Administrator. Die Anwendung wird im Internetbrowser bedient.<\/span><b><span class=\"contentOrange10\"><br \/>\n<\/span><\/b><span class=\"contentOrange10\">Nutzungsrechte Ihrer Mitarbeiter werden einfach und in &#8222;Echtzeit&#8220; verwaltet. Eine Integration in Ihre globalen Adressdatenbanken ist m\u00f6glich. Und zentral Software-Aktualisierungen vorzunehmen (statt Updates auszuliefern), bietet weitere Vorteile<b>:<\/b><\/span><b><\/b><\/span><\/p>\n<ul class=\"content\">\n<li><span style=\"font-family: 'Open Sans';\">\u00c4nderungen sind f\u00fcr alle Anwender unmittelbar nach der Programmierung anwendbar &#8211; es f\u00e4llt keine Wartezeit an, bis die Anwender die Software nutzen k\u00f6nnen.<\/span><\/li>\n<li><span style=\"font-family: 'Open Sans';\">Keine Verteilungskosten f\u00fcr CD\u00b4s oder Rundmails an die Anwender.<\/span><\/li>\n<li><span style=\"font-family: 'Open Sans';\">Die Update-Installation kann nicht mehr vergessen werden. Keine alten Masken oder \u00fcberfl\u00fcssig gewordene Eingabefelder mehr auf einzelnen Clients.<\/span><\/li>\n<li><span style=\"font-family: 'Open Sans';\">Ver\u00e4nderungen lassen sich stichtagbezogen f\u00fcr alle Anwender verf\u00fcgbar machen.<\/span><\/li>\n<\/ul>\n<p><span style=\"font-family: 'Open Sans';\"><b>2. Die L\u00f6sung nutzt zur Informationsablage eine <span class=\"contentOrange10\">Datenbank<br \/>\n<\/span><\/b><span class=\"contentOrange10\">Dadurch:<\/span><b><span class=\"contentOrange10\"><br \/>\n<\/span><\/b><\/span><\/p>\n<ul class=\"content\">\n<li><span style=\"font-family: 'Open Sans';\">K\u00f6nnen alle Anwender im Vergleich zu Excel gleichzeitig auf die Daten zugreifen.<\/span><\/li>\n<li><span style=\"font-family: 'Open Sans';\">Haben alle Anwender den gleichen Datenbestand.<\/span><\/li>\n<li><span style=\"font-family: 'Open Sans';\">Entfallen unn\u00f6tige &#8222;Doppeleingaben&#8220; von Daten. (z.B. Firmenstammdaten)<\/span><\/li>\n<\/ul>\n<p><span style=\"font-family: 'Open Sans';\"><\/div><\/div><\/span><\/p>\n<p>&nbsp;<\/p>\n<p><span style=\"font-family: 'Open Sans';\"><div style=\"background-color:#f5f5f5; color:#333333;\" class=\"lts_section \"><div class=\"lts_section_body\"><\/span><\/p>\n<h1><span class=\"contentOrange13\" style=\"font-family: 'Open Sans';\">Und so entwickeln wir: Schritt f\u00fcr Schritt die n\u00f6tigen Module zur optimalen Unterst\u00fctzug Ihrer Prozesse<\/span><\/h1>\n<p><span style=\"font-family: 'Open Sans';\">Wir programmieren in Anlehnung an das Modell der &#8222;Agilen Softwareentwicklung&#8220; und k\u00f6nnen Ihnen Ihre IT-L\u00f6sung &#8211; in Relation zum Projektumfang &#8211; sehr schnell zur Verf\u00fcgung stellen. Dadurch k\u00f6nnen Sie noch w\u00e4hrend der Entwicklung flexibel auf das Endergebnis Einfluss nehmen und erhalten auch bei einem kleinen Budget eine clevere L\u00f6sung.<\/span><\/p>\n<h2 class=\"content\"><span class=\"contentOrange13\" style=\"font-family: 'Open Sans';\"> Vorteile der Agilen Softwareentwicklung<\/span><\/h2>\n<p class=\"content\"><span style=\"font-family: 'Open Sans';\">Wir programmieren in Anlehnung an das Modell der &#8222;Agilen Softwareentwicklung&#8220;. F\u00fcr Sie bedeutet das:<\/span><\/p>\n<ul class=\"content\">\n<li><span style=\"font-family: 'Open Sans';\">Ihre IT-L\u00f6sung steht Ihnen &#8211; in Relation zum Projektumfang &#8211; sehr schnell zur Verf\u00fcgung.<\/span><\/li>\n<li><span style=\"font-family: 'Open Sans';\">Sie k\u00f6nnen w\u00e4hrend der Entwicklung noch flexibel auf das Endergebnis Einfluss nehmen.<\/span><\/li>\n<li><span style=\"font-family: 'Open Sans';\">Durch intensiven Informationsaustausch auch in der Realisierungsphase entspricht<\/span><br \/>\n<span style=\"font-family: 'Open Sans';\">das Endprodukt genau Ihren Vorstellungen.<\/span><\/li>\n<li><span style=\"font-family: 'Open Sans';\">Sie erhalten auch bei einem kleinen Budget eine clevere L\u00f6sung.<\/span><\/li>\n<\/ul>\n<h2 class=\"content\"><span class=\"contentOrange13\" style=\"font-family: 'Open Sans';\">Wie geht das?<\/span><\/h2>\n<p class=\"content\"><span style=\"font-family: 'Open Sans';\">Die &#8222;Agile Softwareentwicklung&#8220; ist ein ideales Instrument in der modernen Programmierung, wenn es um schnelle und flexible L\u00f6sungen geht.<\/span><br \/>\n<span style=\"font-family: 'Open Sans';\">Und diese \u00fcberzeugenden Grunds\u00e4tze machen die Methode so erfolgreich:<\/span><\/p>\n<ul class=\"content\">\n<li><span style=\"font-family: 'Open Sans';\">Individuen und Interaktionen sind wichtiger als Prozesse und Werkzeuge.<\/span><\/li>\n<li><span style=\"font-family: 'Open Sans';\">Funktionierende Software ist wichtiger als umfassende Dokumentation der Projektarbeit.<\/span><\/li>\n<li><span style=\"font-family: 'Open Sans';\">Reagieren auf Ver\u00e4nderung ist wichtiger als das Befolgen eines einmal festgelegten Pflichtenheftes.<\/span><\/li>\n<\/ul>\n<p class=\"content\"><span style=\"font-family: 'Open Sans';\">Sie k\u00f6nnen ebenfalls von unserer langj\u00e4hrigen Erfahrung in der Unterst\u00fctzung von Unternehmensprozessen profitieren. Gern demonstrieren wir Ihnen in einem Telefongespr\u00e4ch \u00fcber eine Online-Pr\u00e4sentation die M\u00f6glichkeiten dieser dynamischen und flexiblen Arbeitsweise.<\/span><\/p>\n<p><span style=\"font-family: 'Open Sans';\"><\/div><\/div><\/span><\/p>\n","protected":false},"excerpt":{"rendered":"<p>Mit Softwarel\u00f6sungen Zeit sparen und Kosten senken Unsere Softwareentwicklungen sparen Zeit &#8211; und senken dadurch bei Ihnen Personalkosten oder erm\u00f6glichen einen gr\u00f6\u00dferen Work-Flow. Denn Ihre individuelle Softwarel\u00f6sung aus unserem Hause sorgt daf\u00fcr, dass Ihre Mitarbeiter eine optimierte IT-Unterst\u00fctzung nutzen k\u00f6nnen und dadurch wesentlich effizienter ihre regelm\u00e4\u00dfigen Aufgaben erledigen k\u00f6nnen. Sie erhalten zur Unterst\u00fctzung Ihrer Prozesse<br \/><a class=\"moretag\" href=\"\/clickandbuilds\/mbbusinesssoftware\/software-solutions\/\">+ Lesen Sie mehr<\/a><\/p>\n","protected":false},"author":5,"featured_media":214,"parent":0,"menu_order":0,"comment_status":"closed","ping_status":"closed","template":"","meta":[],"yoast_head":"<!-- This site is optimized with the Yoast SEO plugin v19.14 - https:\/\/yoast.com\/wordpress\/plugins\/seo\/ -->\n<title>Software Solutions - Mit Softwarel\u00f6sungen Zeit sparen und Kosten senken<\/title>\n<meta name=\"description\" content=\"Software Solutions - Mit Softwarel\u00f6sungen Zeit sparen und Kosten senken\" \/>\n<meta name=\"robots\" content=\"index, follow, max-snippet:-1, max-image-preview:large, max-video-preview:-1\" \/>\n<link rel=\"canonical\" href=\"http:\/\/clickandbuilds\/mbbusinesssoftware\/software-solutions\/clickandbuilds\/mbbusinesssoftware\/software-solutions\/\" \/>\n<meta property=\"og:locale\" content=\"de_DE\" \/>\n<meta property=\"og:type\" content=\"article\" \/>\n<meta property=\"og:title\" content=\"Software Solutions - Mit Softwarel\u00f6sungen Zeit sparen und Kosten senken\" \/>\n<meta property=\"og:description\" content=\"Software Solutions - Mit Softwarel\u00f6sungen Zeit sparen und Kosten senken\" \/>\n<meta property=\"og:url\" content=\"\/clickandbuilds\/mbbusinesssoftware\/software-solutions\/\" \/>\n<meta property=\"og:site_name\" content=\"mb-business-software\" \/>\n<meta property=\"article:modified_time\" content=\"2022-11-24T12:05:07+00:00\" \/>\n<meta property=\"og:image\" content=\"https:\/\/mb-business-software.de\/wp-content\/uploads\/2015\/09\/start_021.jpg\" \/>\n\t<meta property=\"og:image:width\" content=\"1900\" \/>\n\t<meta property=\"og:image:height\" content=\"460\" \/>\n\t<meta property=\"og:image:type\" content=\"image\/jpeg\" \/>\n<meta name=\"twitter:card\" content=\"summary_large_image\" \/>\n<meta name=\"twitter:label1\" content=\"Gesch\u00e4tzte Lesezeit\" \/>\n\t<meta name=\"twitter:data1\" content=\"3\u00a0Minuten\" \/>\n<script type=\"application\/ld+json\" class=\"yoast-schema-graph\">{\"@context\":\"https:\/\/schema.org\",\"@graph\":[{\"@type\":\"WebPage\",\"@id\":\"\/clickandbuilds\/mbbusinesssoftware\/software-solutions\/\",\"url\":\"clickandbuilds\/mbbusinesssoftware\/software-solutions\/clickandbuilds\/mbbusinesssoftware\/software-solutions\/\",\"name\":\"Software Solutions - Mit Softwarel\u00f6sungen Zeit sparen und Kosten senken\",\"isPartOf\":{\"@id\":\"\/clickandbuilds\/mbbusinesssoftware\/#website\"},\"datePublished\":\"2015-08-25T09:24:39+00:00\",\"dateModified\":\"2022-11-24T12:05:07+00:00\",\"description\":\"Software Solutions - Mit Softwarel\u00f6sungen Zeit sparen und Kosten senken\",\"breadcrumb\":{\"@id\":\"clickandbuilds\/mbbusinesssoftware\/software-solutions\/clickandbuilds\/mbbusinesssoftware\/software-solutions\/#breadcrumb\"},\"inLanguage\":\"de\",\"potentialAction\":[{\"@type\":\"ReadAction\",\"target\":[\"clickandbuilds\/mbbusinesssoftware\/software-solutions\/clickandbuilds\/mbbusinesssoftware\/software-solutions\/\"]}]},{\"@type\":\"BreadcrumbList\",\"@id\":\"clickandbuilds\/mbbusinesssoftware\/software-solutions\/clickandbuilds\/mbbusinesssoftware\/software-solutions\/#breadcrumb\",\"itemListElement\":[{\"@type\":\"ListItem\",\"position\":1,\"name\":\"Startseite\",\"item\":\"\/clickandbuilds\/mbbusinesssoftware\/\"},{\"@type\":\"ListItem\",\"position\":2,\"name\":\"Software Solutions\"}]},{\"@type\":\"WebSite\",\"@id\":\"\/clickandbuilds\/mbbusinesssoftware\/#website\",\"url\":\"\/clickandbuilds\/mbbusinesssoftware\/\",\"name\":\"mb-business-software\",\"description\":\"MB Business Software - Perfekt auf Sie zugeschnitten\",\"publisher\":{\"@id\":\"\/clickandbuilds\/mbbusinesssoftware\/#organization\"},\"potentialAction\":[{\"@type\":\"SearchAction\",\"target\":{\"@type\":\"EntryPoint\",\"urlTemplate\":\"\/clickandbuilds\/mbbusinesssoftware\/?s={search_term_string}\"},\"query-input\":\"required name=search_term_string\"}],\"inLanguage\":\"de\"},{\"@type\":\"Organization\",\"@id\":\"\/clickandbuilds\/mbbusinesssoftware\/#organization\",\"name\":\"MB Business Software\",\"url\":\"\/clickandbuilds\/mbbusinesssoftware\/\",\"logo\":{\"@type\":\"ImageObject\",\"inLanguage\":\"de\",\"@id\":\"\/clickandbuilds\/mbbusinesssoftware\/#\/schema\/logo\/image\/\",\"url\":\"https:\/\/mb-business-software.de\/wp-content\/uploads\/2019\/05\/icon_MBBS.png\",\"contentUrl\":\"https:\/\/mb-business-software.de\/wp-content\/uploads\/2019\/05\/icon_MBBS.png\",\"width\":149,\"height\":115,\"caption\":\"MB Business Software\"},\"image\":{\"@id\":\"\/clickandbuilds\/mbbusinesssoftware\/#\/schema\/logo\/image\/\"}}]}<\/script>\n<!-- \/ Yoast SEO plugin. -->","yoast_head_json":{"title":"Software Solutions - Mit Softwarel\u00f6sungen Zeit sparen und Kosten senken","description":"Software Solutions - Mit Softwarel\u00f6sungen Zeit sparen und Kosten senken","robots":{"index":"index","follow":"follow","max-snippet":"max-snippet:-1","max-image-preview":"max-image-preview:large","max-video-preview":"max-video-preview:-1"},"canonical":"clickandbuilds\/mbbusinesssoftware\/software-solutions\/clickandbuilds\/mbbusinesssoftware\/software-solutions\/","og_locale":"de_DE","og_type":"article","og_title":"Software Solutions - Mit Softwarel\u00f6sungen Zeit sparen und Kosten senken","og_description":"Software Solutions - Mit Softwarel\u00f6sungen Zeit sparen und Kosten senken","og_url":"\/clickandbuilds\/mbbusinesssoftware\/software-solutions\/","og_site_name":"mb-business-software","article_modified_time":"2022-11-24T12:05:07+00:00","og_image":[{"width":1900,"height":460,"url":"https:\/\/mb-business-software.de\/wp-content\/uploads\/2015\/09\/start_021.jpg","type":"image\/jpeg"}],"twitter_card":"summary_large_image","twitter_misc":{"Gesch\u00e4tzte Lesezeit":"3\u00a0Minuten"},"schema":{"@context":"https:\/\/schema.org","@graph":[{"@type":"WebPage","@id":"\/clickandbuilds\/mbbusinesssoftware\/software-solutions\/","url":"clickandbuilds\/mbbusinesssoftware\/software-solutions\/clickandbuilds\/mbbusinesssoftware\/software-solutions\/","name":"Software Solutions - Mit Softwarel\u00f6sungen Zeit sparen und Kosten senken","isPartOf":{"@id":"\/clickandbuilds\/mbbusinesssoftware\/#website"},"datePublished":"2015-08-25T09:24:39+00:00","dateModified":"2022-11-24T12:05:07+00:00","description":"Software Solutions - Mit Softwarel\u00f6sungen Zeit sparen und Kosten senken","breadcrumb":{"@id":"clickandbuilds\/mbbusinesssoftware\/software-solutions\/clickandbuilds\/mbbusinesssoftware\/software-solutions\/#breadcrumb"},"inLanguage":"de","potentialAction":[{"@type":"ReadAction","target":["clickandbuilds\/mbbusinesssoftware\/software-solutions\/clickandbuilds\/mbbusinesssoftware\/software-solutions\/"]}]},{"@type":"BreadcrumbList","@id":"clickandbuilds\/mbbusinesssoftware\/software-solutions\/clickandbuilds\/mbbusinesssoftware\/software-solutions\/#breadcrumb","itemListElement":[{"@type":"ListItem","position":1,"name":"Startseite","item":"\/clickandbuilds\/mbbusinesssoftware\/"},{"@type":"ListItem","position":2,"name":"Software Solutions"}]},{"@type":"WebSite","@id":"\/clickandbuilds\/mbbusinesssoftware\/#website","url":"\/clickandbuilds\/mbbusinesssoftware\/","name":"mb-business-software","description":"MB Business Software - Perfekt auf Sie zugeschnitten","publisher":{"@id":"\/clickandbuilds\/mbbusinesssoftware\/#organization"},"potentialAction":[{"@type":"SearchAction","target":{"@type":"EntryPoint","urlTemplate":"\/clickandbuilds\/mbbusinesssoftware\/?s={search_term_string}"},"query-input":"required name=search_term_string"}],"inLanguage":"de"},{"@type":"Organization","@id":"\/clickandbuilds\/mbbusinesssoftware\/#organization","name":"MB Business Software","url":"\/clickandbuilds\/mbbusinesssoftware\/","logo":{"@type":"ImageObject","inLanguage":"de","@id":"\/clickandbuilds\/mbbusinesssoftware\/#\/schema\/logo\/image\/","url":"https:\/\/mb-business-software.de\/wp-content\/uploads\/2019\/05\/icon_MBBS.png","contentUrl":"https:\/\/mb-business-software.de\/wp-content\/uploads\/2019\/05\/icon_MBBS.png","width":149,"height":115,"caption":"MB Business Software"},"image":{"@id":"\/clickandbuilds\/mbbusinesssoftware\/#\/schema\/logo\/image\/"}}]}},"_links":{"self":[{"href":"\/clickandbuilds\/mbbusinesssoftware\/wp-json\/wp\/v2\/pages\/88"}],"collection":[{"href":"\/clickandbuilds\/mbbusinesssoftware\/wp-json\/wp\/v2\/pages"}],"about":[{"href":"\/clickandbuilds\/mbbusinesssoftware\/wp-json\/wp\/v2\/types\/page"}],"author":[{"embeddable":true,"href":"\/clickandbuilds\/mbbusinesssoftware\/wp-json\/wp\/v2\/users\/5"}],"replies":[{"embeddable":true,"href":"\/clickandbuilds\/mbbusinesssoftware\/wp-json\/wp\/v2\/comments?post=88"}],"version-history":[{"count":21,"href":"\/clickandbuilds\/mbbusinesssoftware\/wp-json\/wp\/v2\/pages\/88\/revisions"}],"predecessor-version":[{"id":644,"href":"\/clickandbuilds\/mbbusinesssoftware\/wp-json\/wp\/v2\/pages\/88\/revisions\/644"}],"wp:featuredmedia":[{"embeddable":true,"href":"\/clickandbuilds\/mbbusinesssoftware\/wp-json\/wp\/v2\/media\/214"}],"wp:attachment":[{"href":"\/clickandbuilds\/mbbusinesssoftware\/wp-json\/wp\/v2\/media?parent=88"}],"curies":[{"name":"wp","href":"https:\/\/api.w.org\/{rel}","templated":true}]}}